{"id":2,"date":"2007-05-01T13:30:42","date_gmt":"2007-05-01T11:30:42","guid":{"rendered":""},"modified":"2010-08-22T20:59:37","modified_gmt":"2010-08-22T18:59:37","slug":"eine-seite","status":"publish","type":"page","link":"https:\/\/humania.einmanncombo.de\/","title":{"rendered":"Der BSC Humania 07 e.V."},"content":{"rendered":"<p>Sport frei!<\/p>\n<p>Bereits vor vielen Jahren trafen sich regelm\u00e4\u00dfig fussballbegeisterte auf dem Humannplatz in Berlin Prenzlauer Berg um das Runde ins Eckige zu bringen. Das anf\u00e4nglich lose miteinander m\u00fcndete 2007 in der Vereinsgr\u00fcndung des BSC Humania 07 e.V..<br \/>\nSeit der Saison 2010\/2011 ist der Verein im VFF Verband f\u00fcr Freizeitfu\u00dfball Berlin e.V. organisiert und nimmt an der Freizeitliga teil.<br \/>\nStetig ist der BSC Humania 07 e.V\u00a0bem\u00fcht ein reges Vereinsleben zu organisieren und immer offen f\u00fcr neue Mitglieder und fussballbegeisterte Unterst\u00fctzer.<\/p>\n<p>Der BSC Humania 07 e.V.<\/p>\n","protected":false},"excerpt":{"rendered":"<p>Sport frei! Bereits vor vielen Jahren trafen sich regelm\u00e4\u00dfig fussballbegeisterte auf dem Humannplatz in Berlin Prenzlauer Berg um das Runde ins Eckige zu bringen. Das anf\u00e4nglich lose miteinander m\u00fcndete 2007 in der Vereinsgr\u00fcndung des BSC Humania 07 e.V.. Seit der Saison 2010\/2011 ist der Verein im VFF Verband f\u00fcr Freizeitfu\u00dfball Berlin e.V. organisiert und nimmt [&hellip;]<\/p>\n","protected":false},"author":44,"featured_media":0,"parent":0,"menu_order":1,"comment_status":"closed","ping_status":"open","template":"page.php","meta":{"footnotes":""},"class_list":["post-2","page","type-page","status-publish","hentry"],"_links":{"self":[{"href":"https:\/\/humania.einmanncombo.de\/index.php?rest_route=\/wp\/v2\/pages\/2","targetHints":{"allow":["GET"]}}],"collection":[{"href":"https:\/\/humania.einmanncombo.de\/index.php?rest_route=\/wp\/v2\/pages"}],"about":[{"href":"https:\/\/humania.einmanncombo.de\/index.php?rest_route=\/wp\/v2\/types\/page"}],"author":[{"embeddable":true,"href":"https:\/\/humania.einmanncombo.de\/index.php?rest_route=\/wp\/v2\/users\/44"}],"replies":[{"embeddable":true,"href":"https:\/\/humania.einmanncombo.de\/index.php?rest_route=%2Fwp%2Fv2%2Fcomments&post=2"}],"version-history":[{"count":13,"href":"https:\/\/humania.einmanncombo.de\/index.php?rest_route=\/wp\/v2\/pages\/2\/revisions"}],"predecessor-version":[{"id":903,"href":"https:\/\/humania.einmanncombo.de\/index.php?rest_route=\/wp\/v2\/pages\/2\/revisions\/903"}],"wp:attachment":[{"href":"https:\/\/humania.einmanncombo.de\/index.php?rest_route=%2Fwp%2Fv2%2Fmedia&parent=2"}],"curies":[{"name":"wp","href":"https:\/\/api.w.org\/{rel}","templated":true}]}}